{"id":29535,"date":"2022-04-08T09:07:22","date_gmt":"2022-04-08T07:07:22","guid":{"rendered":"https:\/\/assetrust.ch\/disclaimer\/"},"modified":"2022-12-19T11:12:16","modified_gmt":"2022-12-19T10:12:16","slug":"haftungsausschluss","status":"publish","type":"page","link":"https:\/\/assetrust.ch\/de\/haftungsausschluss\/","title":{"rendered":"Haftungsausschluss"},"content":{"rendered":"<p>[et_pb_section fb_built=&#8220;1&#8243; admin_label=&#8220;Header&#8220; _builder_version=&#8220;4.16&#8243; use_background_color_gradient=&#8220;on&#8220; background_color_gradient_stops=&#8220;gcid-ecd1bf5e-3afd-41e4-9ad9-e73133d76089 0%|rgba(0,19,46,0.6) 100%&#8220; background_color_gradient_overlays_image=&#8220;on&#8220; background_color_gradient_start=&#8220;gcid-ecd1bf5e-3afd-41e4-9ad9-e73133d76089&#8243; background_color_gradient_end=&#8220;rgba(0,19,46,0.6)&#8220; background_image=&#8220;https:\/\/assetrust.ch\/wp-content\/uploads\/2022\/04\/pme-assetrust-finance-1.png&#8220; background_position=&#8220;bottom_center&#8220; custom_padding=&#8220;||||false|false&#8220; locked=&#8220;off&#8220; global_colors_info=&#8220;{%22gcid-ecd1bf5e-3afd-41e4-9ad9-e73133d76089%22:%91%22colorStart%22%93}&#8220;][et_pb_row column_structure=&#8220;3_5,2_5&#8243; make_equal=&#8220;on&#8220; _builder_version=&#8220;4.16&#8243; global_colors_info=&#8220;{}&#8220;][et_pb_column type=&#8220;3_5&#8243; _builder_version=&#8220;4.16&#8243; global_colors_info=&#8220;{}&#8220;][et_pb_text _builder_version=&#8220;4.18.1&#8243; header_font=&#8220;Futura book regular|600|||||||&#8220; header_font_size=&#8220;73px&#8220; background_layout=&#8220;dark&#8220; max_width=&#8220;760px&#8220; custom_margin=&#8220;||||false|false&#8220; hover_enabled=&#8220;0&#8243; header_font_size_tablet=&#8220;70px&#8220; header_font_size_phone=&#8220;41px&#8220; header_font_size_last_edited=&#8220;on|phone&#8220; global_colors_info=&#8220;{}&#8220; sticky_enabled=&#8220;0&#8243;]<\/p>\n<h1>Haftungsausschluss<\/h1>\n<p>[\/et_pb_text][et_pb_button button_url=&#8220;@ET-DC@eyJkeW5hbWljIjp0cnVlLCJjb250ZW50IjoicG9zdF9saW5rX3VybF9wYWdlIiwic2V0dGluZ3MiOnsicG9zdF9pZCI6IjQ1In19@&#8220; button_text=&#8220;Kontakt&#8220; button_alignment=&#8220;left&#8220; _builder_version=&#8220;4.16&#8243; _dynamic_attributes=&#8220;button_url&#8220; custom_button=&#8220;on&#8220; button_text_size=&#8220;14px&#8220; button_text_color=&#8220;#ffffff&#8220; button_bg_color=&#8220;#01b4db&#8220; button_border_width=&#8220;2px&#8220; button_border_color=&#8220;rgba(0,0,0,0)&#8220; button_border_radius=&#8220;8px&#8220; button_letter_spacing=&#8220;2px&#8220; button_font=&#8220;|900||on|||||&#8220; button_use_icon=&#8220;off&#8220; custom_margin=&#8220;||||false|false&#8220; custom_padding=&#8220;15px|40px|15px|40px|true|true&#8220; button_text_size_tablet=&#8220;20px&#8220; button_text_size_phone=&#8220;16px&#8220; button_text_size_last_edited=&#8220;on|phone&#8220; locked=&#8220;off&#8220; global_colors_info=&#8220;{}&#8220;][\/et_pb_button][\/et_pb_column][et_pb_column type=&#8220;2_5&#8243; _builder_version=&#8220;4.16&#8243; global_colors_info=&#8220;{}&#8220;][\/et_pb_column][\/et_pb_row][\/et_pb_section][et_pb_section fb_built=&#8220;1&#8243; _builder_version=&#8220;4.16&#8243; _module_preset=&#8220;default&#8220; global_colors_info=&#8220;{}&#8220;][et_pb_row _builder_version=&#8220;4.16&#8243; _module_preset=&#8220;default&#8220; custom_padding=&#8220;||70px||false|false&#8220; global_colors_info=&#8220;{}&#8220;][et_pb_column type=&#8220;4_4&#8243; _builder_version=&#8220;4.16&#8243; _module_preset=&#8220;default&#8220; global_colors_info=&#8220;{}&#8220;][et_pb_text _builder_version=&#8220;4.16&#8243; _module_preset=&#8220;default&#8220; header_2_font=&#8220;Futura book regular||||||||&#8220; global_colors_info=&#8220;{}&#8220;]<\/p>\n<h2>Haftungsausschluss<\/h2>\n<p>[\/et_pb_text][et_pb_text ul_item_indent=&#8220;30px&#8220; _builder_version=&#8220;4.18.1&#8243; _module_preset=&#8220;default&#8220; text_font=&#8220;Futura book regular||||||||&#8220; ul_font=&#8220;Futura book regular||||||||&#8220; hover_enabled=&#8220;0&#8243; global_colors_info=&#8220;{}&#8220; sticky_enabled=&#8220;0&#8243;]<\/p>\n<p>Der Inhalt dieser Website ist rein informativ und dient nicht dazu f\u00fcr Dienstleistungen von Assetrust SA zu werben. Er ist dazu bestimmt, uns bekannt zu machen. Keine der auf dieser Website enthaltenen Informationen darf als Angebot von Dienstleistungen oder Produkten, insbesondere Finanzdienstleistungen, oder als Angebot oder Aufforderung zum Kauf oder Verkauf von Wertpapieren oder anderen Anlageprodukten angesehen werden. Assetrust AG bietet auf dieser Website keine Online-Dienstleistungen oder -Vorteile an. Nichts auf dieser Website darf als \u00f6ffentliche Aufforderung oder Verkauf, gleich welcher Form, Qualifikation oder Bezeichnung, angesehen oder als proaktives Verhalten der Assetrust AG gegen\u00fcber Dritten ausgelegt werden.<\/p>\n<p>Mit dem Inkrafttreten des Finanzdienstleistungsgesetzes (FIDLEG) und des Finanzinstitutsgesetzes (FINIG) im Januar 2020 m\u00fcssen sich Kundenberater in ein Register eintragen lassen: das Schweizer Kundenberaterregister.<\/p>\n<p>Der Begriff Kundenberater ist relativ weit gefasst und umfasst insbesondere die derzeitigen Vertriebstr\u00e4ger von kollektiven Kapitalanlagen, Vertriebstr\u00e4ger von Finanzinstrumenten und Anlageberater, unabh\u00e4ngig davon, ob sie in der Schweiz oder im Ausland ans\u00e4ssig sind.<\/p>\n<p><a href=\"https:\/\/arif.ch\/\" target=\"_blank\" rel=\"noopener\">ARIF<\/a> ist seit dem 14. September 2020 von der <a href=\"https:\/\/www.finma.ch\" target=\"_blank\" rel=\"noopener\">FINMA<\/a> als Registrierungsstelle f\u00fcr das Kundenberaterregister zugelassen.<\/p>\n<p>Die Kundenberater haben bis zum 20. Januar 2021 Zeit, einen Antrag auf Eintragung in das Register zu stellen. Andernfalls d\u00fcrfen sie ihre T\u00e4tigkeit nicht mehr fortsetzen.<\/p>\n<p><img loading=\"lazy\" decoding=\"async\" src=\"https:\/\/assetrust.ch\/wp-content\/uploads\/2022\/04\/logo-arif-association-romande-des-intermediaires-financiers.png\" width=\"150\" height=\"149\" alt=\"logo arif - association romande des intermediaires financiers (Westschweizer Verband der Finanzintermedi\u00e4re)\" class=\"wp-image-29078 alignnone size-full\" style=\"float: left;\" \/><\/p>\n<p>&nbsp;<\/p>\n<p>&nbsp;<\/p>\n<p>&nbsp;<\/p>\n<p>&nbsp;<\/p>\n<p>&nbsp;<\/p>\n<p>Assetrust SA ist als Finanzintermedi\u00e4r Mitglied der <a href=\"https:\/\/arif.ch\/\" target=\"_blank\" rel=\"noopener\">ARIF<\/a>.<br \/>ARIF ist von der FINMA als SRO (Selbstregulierungsorganisation) anerkannt.<\/p>\n<p><a href=\"https:\/\/www.finma.ch\/fr\/autorisation\/organisme-d-autoregulation-oar\/recherche-de-membres-oar\/\" target=\"_blank\" rel=\"noopener\">Suche nach SRO-Mitgliedern<\/a><\/p>\n<p>[\/et_pb_text][\/et_pb_column][\/et_pb_row][et_pb_row _builder_version=&#8220;4.16&#8243; _module_preset=&#8220;default&#8220; global_colors_info=&#8220;{}&#8220;][et_pb_column type=&#8220;4_4&#8243; _builder_version=&#8220;4.16&#8243; _module_preset=&#8220;default&#8220; global_colors_info=&#8220;{}&#8220;][et_pb_button button_text=&#8220;Kontakt&#8220; button_alignment=&#8220;center&#8220; _builder_version=&#8220;4.16&#8243; custom_button=&#8220;on&#8220; button_text_size=&#8220;14px&#8220; button_text_color=&#8220;#ffffff&#8220; button_bg_color=&#8220;#01b4db&#8220; button_border_width=&#8220;2px&#8220; button_border_color=&#8220;rgba(0,0,0,0)&#8220; button_border_radius=&#8220;8px&#8220; button_letter_spacing=&#8220;2px&#8220; button_font=&#8220;|900||on|||||&#8220; button_use_icon=&#8220;off&#8220; custom_margin=&#8220;||||false|false&#8220; custom_padding=&#8220;15px|40px|15px|40px|true|true&#8220; button_text_size_tablet=&#8220;20px&#8220; button_text_size_phone=&#8220;16px&#8220; button_text_size_last_edited=&#8220;on|phone&#8220; locked=&#8220;off&#8220; global_colors_info=&#8220;{}&#8220;][\/et_pb_button][\/et_pb_column][\/et_pb_row][\/et_pb_section][et_pb_section fb_built=&#8220;1&#8243; admin_label=&#8220;Footer&#8220; _builder_version=&#8220;4.16&#8243; background_color=&#8220;gcid-d8cface4-7dd7-4f64-9ec1-1e3328f7a336&#8243; use_background_color_gradient=&#8220;on&#8220; background_color_gradient_stops=&#8220;rgba(234,234,234,0.94) 0%|rgba(255,255,255,0.79) 100%&#8220; background_color_gradient_overlays_image=&#8220;on&#8220; background_color_gradient_start=&#8220;rgba(234,234,234,0.94)&#8220; background_color_gradient_end=&#8220;rgba(255,255,255,0.79)&#8220; background_image=&#8220;https:\/\/assetrust.ch\/wp-content\/uploads\/2022\/03\/financial-advisor-41.jpg&#8220; saved_tabs=&#8220;all&#8220; locked=&#8220;off&#8220; global_colors_info=&#8220;{%22gcid-d8cface4-7dd7-4f64-9ec1-1e3328f7a336%22:%91%22background_color%22%93}&#8220;][et_pb_row column_structure=&#8220;1_2,1_4,1_4&#8243; _builder_version=&#8220;4.16&#8243; locked=&#8220;off&#8220; global_colors_info=&#8220;{}&#8220;][et_pb_column type=&#8220;1_2&#8243; _builder_version=&#8220;4.16&#8243; global_colors_info=&#8220;{}&#8220;][et_pb_image src=&#8220;https:\/\/assetrust.ch\/wp-content\/uploads\/2022\/04\/logo-assetrust-vectoriel.png&#8220; alt=&#8220;assetrust-Logo&#8220; title_text=&#8220;assetrust-Logo&#8220; _builder_version=&#8220;4.16&#8243; global_colors_info=&#8220;{}&#8220;][\/et_pb_image][\/et_pb_column][et_pb_column type=&#8220;1_4&#8243; _builder_version=&#8220;4.16&#8243; global_colors_info=&#8220;{}&#8220;][et_pb_text _builder_version=&#8220;4.16&#8243; text_font=&#8220;Futura book regular|600|||||||&#8220; text_font_size=&#8220;18px&#8220; text_letter_spacing=&#8220;1px&#8220; text_line_height=&#8220;1.4em&#8220; header_4_font=&#8220;Darker Grotesque|900|||||||&#8220; header_4_font_size=&#8220;22px&#8220; header_4_line_height=&#8220;1.4em&#8220; global_colors_info=&#8220;{}&#8220;]<\/p>\n<h4>Adresse<\/h4>\n<p>Quai de l&#8217;Ile, 15<br \/>1204 Genf<\/p>\n<p>[\/et_pb_text][et_pb_text _builder_version=&#8220;4.16&#8243; text_font=&#8220;Futura book regular|600|||||||&#8220; text_font_size=&#8220;18px&#8220; text_line_height=&#8220;1.4em&#8220; header_4_font=&#8220;Darker Grotesque|900|||||||&#8220; header_4_font_size=&#8220;22px&#8220; header_4_line_height=&#8220;1.4em&#8220; global_colors_info=&#8220;{}&#8220;]<\/p>\n<h4>E-Mail<\/h4>\n<p><a href=\"mailto:contact@assetrust.ch\">contact@assetrust.ch<\/a><\/p>\n<p>[\/et_pb_text][et_pb_text _builder_version=&#8220;4.16&#8243; text_font=&#8220;Futura book regular|600|||||||&#8220; text_font_size=&#8220;18px&#8220; text_line_height=&#8220;1.4em&#8220; header_4_font=&#8220;Darker Grotesque|900|||||||&#8220; header_4_font_size=&#8220;22px&#8220; header_4_line_height=&#8220;1.4em&#8220; global_colors_info=&#8220;{}&#8220;]<\/p>\n<h4>Telefon<\/h4>\n<p><a href=\"tel:0041228002810\">+41 (0)22 800 28 10<\/a>[\/et_pb_text][\/et_pb_column][et_pb_column type=&#8220;1_4&#8243; _builder_version=&#8220;4.16&#8243; global_colors_info=&#8220;{}&#8220;][et_pb_image src=&#8220;https:\/\/assetrust.ch\/wp-content\/uploads\/2022\/04\/logo-arif-association-romande-des-intermediaires-financiers.png&#8220; alt=&#8220;logo arif &#8211; association romande des intermediaires financiers (Westschweizer Verband der Finanzintermedi\u00e4re)&#8220; title_text=&#8220;logo arif &#8211; association romande des intermediaires financiers (Westschweizer Verband der Finanzintermedi\u00e4re)&#8220; _builder_version=&#8220;4.16&#8243; _module_preset=&#8220;default&#8220; width=&#8220;39%&#8220; max_width=&#8220;29%&#8220; global_colors_info=&#8220;{}&#8220;][\/et_pb_image][et_pb_text _builder_version=&#8220;4.16&#8243; _module_preset=&#8220;default&#8220; text_font=&#8220;Futura book regular||||||||&#8220; global_colors_info=&#8220;{}&#8220;]<\/p>\n<p>Assetrust SA ist bei der ARIF als Finanzintermedi\u00e4r registriert.<\/p>\n<p>[\/et_pb_text][et_pb_button button_url=&#8220;@ET-DC@eyJkeW5hbWljIjp0cnVlLCJjb250ZW50IjoicG9zdF9saW5rX3VybF9wYWdlIiwic2V0dGluZ3MiOnsicG9zdF9pZCI6IjI5MDc2In19@&#8220; button_text=&#8220;Disclaimer&#8220; button_alignment=&#8220;center&#8220; _builder_version=&#8220;4.16&#8243; _dynamic_attributes=&#8220;button_url&#8220; custom_button=&#8220;on&#8220; button_text_size=&#8220;11px&#8220; button_text_color=&#8220;#ffffff&#8220; button_bg_color=&#8220;#01b4db&#8220; button_border_width=&#8220;2px&#8220; button_border_color=&#8220;rgba(0,0,0,0)&#8220; button_border_radius=&#8220;8px&#8220; button_letter_spacing=&#8220;2px&#8220; button_font=&#8220;Futura book regular|900||on|||||&#8220; button_use_icon=&#8220;off&#8220; custom_margin=&#8220;||||false|false&#8220; custom_padding=&#8220;4px|70px|4px|70px|true|true&#8220; button_text_size_tablet=&#8220;20px&#8220; button_text_size_phone=&#8220;16px&#8220; button_text_size_last_edited=&#8220;on|phone&#8220; locked=&#8220;off&#8220; global_colors_info=&#8220;{}&#8220;][\/et_pb_button][et_pb_button button_url=&#8220;https:\/\/assetrust.ch\/wp-content\/uploads\/2022\/04\/N-FIB.pdf&#8220; button_text=&#8220;FIB&#8220; button_alignment=&#8220;center&#8220; _builder_version=&#8220;4.16&#8243; custom_button=&#8220;on&#8220; button_text_size=&#8220;11px&#8220; button_text_color=&#8220;#ffffff&#8220; button_bg_color=&#8220;#01b4db&#8220; button_border_width=&#8220;2px&#8220; button_border_color=&#8220;rgba(0,0,0,0)&#8220; button_border_radius=&#8220;8px&#8220; button_letter_spacing=&#8220;2px&#8220; button_font=&#8220;Futura book regular|900||on|||||&#8220; button_icon=&#8220;&#xf019;||fa||900&#8243; button_icon_placement=&#8220;left&#8220; button_on_hover=&#8220;off&#8220; custom_margin=&#8220;||||false|false&#8220; custom_padding=&#8220;4px|98px|4px|98px|true|true&#8220; button_text_size_tablet=&#8220;20px&#8220; button_text_size_phone=&#8220;16px&#8220; button_text_size_last_edited=&#8220;on|phone&#8220; locked=&#8220;off&#8220; global_colors_info=&#8220;{}&#8220;][\/et_pb_button][\/et_pb_column][\/et_pb_row][\/et_pb_section]<\/p>\n","protected":false},"excerpt":{"rendered":"<p>HaftungsausschlussHaftungsausschlussDer Inhalt dieser Website ist rein informativ und dient nicht dazu f\u00fcr Dienstleistungen von Assetrust SA zu werben. Er ist dazu bestimmt, uns bekannt zu machen. Keine der auf dieser Website enthaltenen Informationen darf als Angebot von Dienstleistungen oder Produkten, insbesondere Finanzdienstleistungen, oder als Angebot oder Aufforderung zum Kauf oder Verkauf von Wertpapieren oder anderen [&hellip;]<\/p>\n","protected":false},"author":1,"featured_media":0,"parent":0,"menu_order":0,"comment_status":"closed","ping_status":"closed","template":"","meta":{"_et_pb_use_builder":"on","_et_pb_old_content":"","_et_gb_content_width":"","footnotes":""},"class_list":["post-29535","page","type-page","status-publish","hentry"],"yoast_head":"<!-- This site is optimized with the Yoast SEO plugin v27.5 - https:\/\/yoast.com\/product\/yoast-seo-wordpress\/ -->\n<title>Haftungsausschluss - assetrust<\/title>\n<meta name=\"robots\" content=\"index, follow, max-snippet:-1, max-image-preview:large, max-video-preview:-1\" \/>\n<link rel=\"canonical\" href=\"https:\/\/assetrust.ch\/de\/haftungsausschluss\/\" \/>\n<meta property=\"og:locale\" content=\"de_DE\" \/>\n<meta property=\"og:type\" content=\"article\" \/>\n<meta property=\"og:title\" content=\"Haftungsausschluss - assetrust\" \/>\n<meta property=\"og:description\" content=\"HaftungsausschlussHaftungsausschlussDer Inhalt dieser Website ist rein informativ und dient nicht dazu f\u00fcr Dienstleistungen von Assetrust SA zu werben. Er ist dazu bestimmt, uns bekannt zu machen. Keine der auf dieser Website enthaltenen Informationen darf als Angebot von Dienstleistungen oder Produkten, insbesondere Finanzdienstleistungen, oder als Angebot oder Aufforderung zum Kauf oder Verkauf von Wertpapieren oder anderen [&hellip;]\" \/>\n<meta property=\"og:url\" content=\"https:\/\/assetrust.ch\/de\/haftungsausschluss\/\" \/>\n<meta property=\"og:site_name\" content=\"assetrust\" \/>\n<meta property=\"article:modified_time\" content=\"2022-12-19T10:12:16+00:00\" \/>\n<meta property=\"og:image\" content=\"https:\/\/assetrust.ch\/wp-content\/uploads\/2022\/04\/logo-arif-association-romande-des-intermediaires-financiers.png\" \/>\n<meta name=\"twitter:card\" content=\"summary_large_image\" \/>\n<meta name=\"twitter:label1\" content=\"Gesch\u00e4tzte Lesezeit\" \/>\n\t<meta name=\"twitter:data1\" content=\"3\u00a0Minuten\" \/>\n<script type=\"application\/ld+json\" class=\"yoast-schema-graph\">{\"@context\":\"https:\\\/\\\/schema.org\",\"@graph\":[{\"@type\":\"WebPage\",\"@id\":\"https:\\\/\\\/assetrust.ch\\\/de\\\/haftungsausschluss\\\/\",\"url\":\"https:\\\/\\\/assetrust.ch\\\/de\\\/haftungsausschluss\\\/\",\"name\":\"Haftungsausschluss - assetrust\",\"isPartOf\":{\"@id\":\"https:\\\/\\\/assetrust.ch\\\/#website\"},\"primaryImageOfPage\":{\"@id\":\"https:\\\/\\\/assetrust.ch\\\/de\\\/haftungsausschluss\\\/#primaryimage\"},\"image\":{\"@id\":\"https:\\\/\\\/assetrust.ch\\\/de\\\/haftungsausschluss\\\/#primaryimage\"},\"thumbnailUrl\":\"https:\\\/\\\/assetrust.ch\\\/wp-content\\\/uploads\\\/2022\\\/04\\\/logo-arif-association-romande-des-intermediaires-financiers.png\",\"datePublished\":\"2022-04-08T07:07:22+00:00\",\"dateModified\":\"2022-12-19T10:12:16+00:00\",\"breadcrumb\":{\"@id\":\"https:\\\/\\\/assetrust.ch\\\/de\\\/haftungsausschluss\\\/#breadcrumb\"},\"inLanguage\":\"de\",\"potentialAction\":[{\"@type\":\"ReadAction\",\"target\":[\"https:\\\/\\\/assetrust.ch\\\/de\\\/haftungsausschluss\\\/\"]}]},{\"@type\":\"ImageObject\",\"inLanguage\":\"de\",\"@id\":\"https:\\\/\\\/assetrust.ch\\\/de\\\/haftungsausschluss\\\/#primaryimage\",\"url\":\"https:\\\/\\\/assetrust.ch\\\/wp-content\\\/uploads\\\/2022\\\/04\\\/logo-arif-association-romande-des-intermediaires-financiers.png\",\"contentUrl\":\"https:\\\/\\\/assetrust.ch\\\/wp-content\\\/uploads\\\/2022\\\/04\\\/logo-arif-association-romande-des-intermediaires-financiers.png\"},{\"@type\":\"BreadcrumbList\",\"@id\":\"https:\\\/\\\/assetrust.ch\\\/de\\\/haftungsausschluss\\\/#breadcrumb\",\"itemListElement\":[{\"@type\":\"ListItem\",\"position\":1,\"name\":\"Accueil\",\"item\":\"https:\\\/\\\/assetrust.ch\\\/\"},{\"@type\":\"ListItem\",\"position\":2,\"name\":\"Haftungsausschluss\"}]},{\"@type\":\"WebSite\",\"@id\":\"https:\\\/\\\/assetrust.ch\\\/#website\",\"url\":\"https:\\\/\\\/assetrust.ch\\\/\",\"name\":\"assetrust\",\"description\":\"Votre partenaire financier de confiance\",\"publisher\":{\"@id\":\"https:\\\/\\\/assetrust.ch\\\/#organization\"},\"potentialAction\":[{\"@type\":\"SearchAction\",\"target\":{\"@type\":\"EntryPoint\",\"urlTemplate\":\"https:\\\/\\\/assetrust.ch\\\/?s={search_term_string}\"},\"query-input\":{\"@type\":\"PropertyValueSpecification\",\"valueRequired\":true,\"valueName\":\"search_term_string\"}}],\"inLanguage\":\"de\"},{\"@type\":\"Organization\",\"@id\":\"https:\\\/\\\/assetrust.ch\\\/#organization\",\"name\":\"Assetrust SA\",\"url\":\"https:\\\/\\\/assetrust.ch\\\/\",\"logo\":{\"@type\":\"ImageObject\",\"inLanguage\":\"de\",\"@id\":\"https:\\\/\\\/assetrust.ch\\\/#\\\/schema\\\/logo\\\/image\\\/\",\"url\":\"https:\\\/\\\/assetrust.ch\\\/wp-content\\\/uploads\\\/2022\\\/03\\\/logo-Assetrust-bleu-transparent-01-1.png\",\"contentUrl\":\"https:\\\/\\\/assetrust.ch\\\/wp-content\\\/uploads\\\/2022\\\/03\\\/logo-Assetrust-bleu-transparent-01-1.png\",\"width\":253,\"height\":221,\"caption\":\"Assetrust SA\"},\"image\":{\"@id\":\"https:\\\/\\\/assetrust.ch\\\/#\\\/schema\\\/logo\\\/image\\\/\"},\"sameAs\":[\"https:\\\/\\\/www.linkedin.com\\\/company\\\/assetrust\\\/\"]}]}<\/script>\n<!-- \/ Yoast SEO plugin. -->","yoast_head_json":{"title":"Haftungsausschluss - assetrust","robots":{"index":"index","follow":"follow","max-snippet":"max-snippet:-1","max-image-preview":"max-image-preview:large","max-video-preview":"max-video-preview:-1"},"canonical":"https:\/\/assetrust.ch\/de\/haftungsausschluss\/","og_locale":"de_DE","og_type":"article","og_title":"Haftungsausschluss - assetrust","og_description":"HaftungsausschlussHaftungsausschlussDer Inhalt dieser Website ist rein informativ und dient nicht dazu f\u00fcr Dienstleistungen von Assetrust SA zu werben. Er ist dazu bestimmt, uns bekannt zu machen. Keine der auf dieser Website enthaltenen Informationen darf als Angebot von Dienstleistungen oder Produkten, insbesondere Finanzdienstleistungen, oder als Angebot oder Aufforderung zum Kauf oder Verkauf von Wertpapieren oder anderen [&hellip;]","og_url":"https:\/\/assetrust.ch\/de\/haftungsausschluss\/","og_site_name":"assetrust","article_modified_time":"2022-12-19T10:12:16+00:00","og_image":[{"url":"https:\/\/assetrust.ch\/wp-content\/uploads\/2022\/04\/logo-arif-association-romande-des-intermediaires-financiers.png","type":"","width":"","height":""}],"twitter_card":"summary_large_image","twitter_misc":{"Gesch\u00e4tzte Lesezeit":"3\u00a0Minuten"},"schema":{"@context":"https:\/\/schema.org","@graph":[{"@type":"WebPage","@id":"https:\/\/assetrust.ch\/de\/haftungsausschluss\/","url":"https:\/\/assetrust.ch\/de\/haftungsausschluss\/","name":"Haftungsausschluss - assetrust","isPartOf":{"@id":"https:\/\/assetrust.ch\/#website"},"primaryImageOfPage":{"@id":"https:\/\/assetrust.ch\/de\/haftungsausschluss\/#primaryimage"},"image":{"@id":"https:\/\/assetrust.ch\/de\/haftungsausschluss\/#primaryimage"},"thumbnailUrl":"https:\/\/assetrust.ch\/wp-content\/uploads\/2022\/04\/logo-arif-association-romande-des-intermediaires-financiers.png","datePublished":"2022-04-08T07:07:22+00:00","dateModified":"2022-12-19T10:12:16+00:00","breadcrumb":{"@id":"https:\/\/assetrust.ch\/de\/haftungsausschluss\/#breadcrumb"},"inLanguage":"de","potentialAction":[{"@type":"ReadAction","target":["https:\/\/assetrust.ch\/de\/haftungsausschluss\/"]}]},{"@type":"ImageObject","inLanguage":"de","@id":"https:\/\/assetrust.ch\/de\/haftungsausschluss\/#primaryimage","url":"https:\/\/assetrust.ch\/wp-content\/uploads\/2022\/04\/logo-arif-association-romande-des-intermediaires-financiers.png","contentUrl":"https:\/\/assetrust.ch\/wp-content\/uploads\/2022\/04\/logo-arif-association-romande-des-intermediaires-financiers.png"},{"@type":"BreadcrumbList","@id":"https:\/\/assetrust.ch\/de\/haftungsausschluss\/#breadcrumb","itemListElement":[{"@type":"ListItem","position":1,"name":"Accueil","item":"https:\/\/assetrust.ch\/"},{"@type":"ListItem","position":2,"name":"Haftungsausschluss"}]},{"@type":"WebSite","@id":"https:\/\/assetrust.ch\/#website","url":"https:\/\/assetrust.ch\/","name":"assetrust","description":"Votre partenaire financier de confiance","publisher":{"@id":"https:\/\/assetrust.ch\/#organization"},"potentialAction":[{"@type":"SearchAction","target":{"@type":"EntryPoint","urlTemplate":"https:\/\/assetrust.ch\/?s={search_term_string}"},"query-input":{"@type":"PropertyValueSpecification","valueRequired":true,"valueName":"search_term_string"}}],"inLanguage":"de"},{"@type":"Organization","@id":"https:\/\/assetrust.ch\/#organization","name":"Assetrust SA","url":"https:\/\/assetrust.ch\/","logo":{"@type":"ImageObject","inLanguage":"de","@id":"https:\/\/assetrust.ch\/#\/schema\/logo\/image\/","url":"https:\/\/assetrust.ch\/wp-content\/uploads\/2022\/03\/logo-Assetrust-bleu-transparent-01-1.png","contentUrl":"https:\/\/assetrust.ch\/wp-content\/uploads\/2022\/03\/logo-Assetrust-bleu-transparent-01-1.png","width":253,"height":221,"caption":"Assetrust SA"},"image":{"@id":"https:\/\/assetrust.ch\/#\/schema\/logo\/image\/"},"sameAs":["https:\/\/www.linkedin.com\/company\/assetrust\/"]}]}},"_links":{"self":[{"href":"https:\/\/assetrust.ch\/de\/wp-json\/wp\/v2\/pages\/29535","targetHints":{"allow":["GET"]}}],"collection":[{"href":"https:\/\/assetrust.ch\/de\/wp-json\/wp\/v2\/pages"}],"about":[{"href":"https:\/\/assetrust.ch\/de\/wp-json\/wp\/v2\/types\/page"}],"author":[{"embeddable":true,"href":"https:\/\/assetrust.ch\/de\/wp-json\/wp\/v2\/users\/1"}],"replies":[{"embeddable":true,"href":"https:\/\/assetrust.ch\/de\/wp-json\/wp\/v2\/comments?post=29535"}],"version-history":[{"count":17,"href":"https:\/\/assetrust.ch\/de\/wp-json\/wp\/v2\/pages\/29535\/revisions"}],"predecessor-version":[{"id":29606,"href":"https:\/\/assetrust.ch\/de\/wp-json\/wp\/v2\/pages\/29535\/revisions\/29606"}],"wp:attachment":[{"href":"https:\/\/assetrust.ch\/de\/wp-json\/wp\/v2\/media?parent=29535"}],"curies":[{"name":"wp","href":"https:\/\/api.w.org\/{rel}","templated":true}]}}