{"id":29672,"date":"2023-09-21T09:35:17","date_gmt":"2023-09-21T07:35:17","guid":{"rendered":"https:\/\/assetrust.ch\/datenschutzrichtlinie\/"},"modified":"2023-09-21T09:49:45","modified_gmt":"2023-09-21T07:49:45","slug":"datenschutzrichtlinie","status":"publish","type":"page","link":"https:\/\/assetrust.ch\/de\/datenschutzrichtlinie\/","title":{"rendered":"Datenschutzrichtlinie"},"content":{"rendered":"<p>[et_pb_section fb_built=&#8220;1&#8243; theme_builder_area=&#8220;post_content&#8220; _builder_version=&#8220;4.18.1&#8243; _module_preset=&#8220;default&#8220;][et_pb_row _builder_version=&#8220;4.18.1&#8243; _module_preset=&#8220;default&#8220; theme_builder_area=&#8220;post_content&#8220;][et_pb_column _builder_version=&#8220;4.18.1&#8243; _module_preset=&#8220;default&#8220; type=&#8220;4_4&#8243; theme_builder_area=&#8220;post_content&#8220;][et_pb_text _builder_version=&#8220;4.18.1&#8243; _module_preset=&#8220;default&#8220; theme_builder_area=&#8220;post_content&#8220; hover_enabled=&#8220;0&#8243; sticky_enabled=&#8220;0&#8243;]<\/p>\n<h1>Datenschutzrichtlinie f\u00fcr die Website assetrust.ch<\/h1>\n<p><strong>Diese Website sammelt bestimmte pers\u00f6nliche Daten ihrer Nutzer.<\/strong><\/p>\n<p>Dieses Dokument kann zu Konsultationszwecken ausgedruckt werden, indem der Druckbefehl in den Einstellungen eines jeden Browsers verwendet wird.<\/p>\n<p>Eigent\u00fcmer und Verantwortlicher f\u00fcr die Verarbeitung<br \/>Der Verantwortliche f\u00fcr die Verarbeitung Ihrer pers\u00f6nlichen Daten f\u00fcr die Website assetrust.ch ist.<br \/>Assetrust SA<br \/>Quai de l&#8217;Ile, 15<br \/>1204 Genf<\/p>\n<p>Kontakt-E-Mail des Eigent\u00fcmers: : contact@assetrust.ch<\/p>\n<p><strong>Arten der erfassten Daten<\/strong><\/p>\n<p>Wir erhalten Ihre pers\u00f6nlichen Daten (vollst\u00e4ndiger Name, Adresse, E-Mail-Adresse, Telefonnummer) \u00fcber unsere Online-Formulare auf der Website &#8222;assetrust.ch&#8220;.<\/p>\n<p>Personenbezogene Daten k\u00f6nnen von Ihnen freiwillig angegeben werden oder, im Falle von Nutzungsdaten, automatisch erhoben werden, wenn Sie diese Website besuchen.<\/p>\n<p><strong>Art und Ort der Datenverarbeitung<\/strong><br \/>Wir ergreifen angemessene Sicherheitsma\u00dfnahmen, um den unbefugten Zugriff, die unbefugte Offenlegung, die unbefugte \u00c4nderung oder die unbefugte Vernichtung von Daten zu verhindern.<\/p>\n<p>Die Datenverarbeitung erfolgt mithilfe von Computern oder computergest\u00fctzten Werkzeugen nach Verfahren und Organisationsformen, die in engem Zusammenhang mit den angegebenen Zwecken stehen. Die Daten k\u00f6nnen in einigen F\u00e4llen bestimmten Kategorien von Personen, die f\u00fcr den Betrieb dieser Website zust\u00e4ndig sind (Verwaltung, Vertrieb, Marketing, Rechtsabteilung, Systemadministration) oder externen Parteien (wie Drittanbietern von technischen Dienstleistungen, Kurierdiensten, Hosting-Anbietern, IT-Unternehmen, Kommunikationsagenturen), die von uns gegebenenfalls als Auftragsverarbeiter benannt werden, zug\u00e4nglich gemacht werden. Sie k\u00f6nnen jederzeit eine aktualisierte Liste dieser Parteien von uns anfordern. \u00dcbersetzt mit www.DeepL.com\/Translator (kostenlose Version) Die Verarbeitung Ihrer Daten<\/p>\n<p><strong>Die Verarbeitung Ihrer Daten<\/strong><br \/>Wir verarbeiten Ihre personenbezogenen Daten, um:<br \/>mit Ihnen zu kommunizieren; unsere Dienstleistungen f\u00fcr Sie und unsere Kunden zu erbringen und zu verbessern, einschlie\u00dflich der personenbezogenen Daten anderer Personen, die uns zur Verf\u00fcgung gestellt werden oder die wir im Auftrag unserer Kunden erheben, z. B. durch die Verarbeitung von Identifikationsdaten und Informationen; unsere Beziehung zu Ihnen und unseren Kunden zu verwalten; unsere Website zu betreiben und zu verbessern, einschlie\u00dflich der \u00dcberwachung und Bewertung ihrer Nutzung. \u00dcbersetzt mit www.DeepL.com\/Translator (kostenlose Version)<\/p>\n<p><strong>Ort der Verarbeitung<\/strong><br \/>Ihre Daten werden am Hauptsitz von Assetrust SA und an allen anderen Orten verarbeitet, an denen sich die f\u00fcr die Verarbeitung verantwortlichen Parteien befinden.<\/p>\n<p>Die Nutzerdaten werden auf den Clouds der Assetrust AG gespeichert. Diese sind alle als konform mit dem nLPD und der DSGVO zertifiziert.<\/p>\n<p><strong>Dauer der Speicherung<\/strong><br \/>Personenbezogene Daten werden so lange verarbeitet und aufbewahrt, wie es f\u00fcr den Zweck, f\u00fcr den sie erhoben wurden, erforderlich ist.<br \/>Wir k\u00f6nnen berechtigt sein, personenbezogene Daten l\u00e4nger zu speichern, wann immer Sie Ihre Zustimmung zu einer solchen Verarbeitung gegeben haben, solange diese Zustimmung nicht widerrufen wird.<br \/>Sobald die Aufbewahrungsfrist abgelaufen ist, werden die personenbezogenen Daten gel\u00f6scht. Daher k\u00f6nnen das Recht auf Zugang, das Recht auf L\u00f6schung, das Recht auf Berichtigung und das Recht auf Daten\u00fcbertragbarkeit nach Ablauf der Aufbewahrungsfrist nicht mehr angewendet werden.<\/p>\n<p><strong>Nutzung unserer Website assetrust.ch<\/strong><br \/>Nutzung unserer Website assetrust.ch Wir erheben und speichern automatisch f\u00fcr einen begrenzten Zeitraum Log- und Ger\u00e4tedaten, wenn Sie auf unsere Website zugreifen und sie nutzen. Diese Informationen umfassen unter anderem Einzelheiten dar\u00fcber, wie Sie unsere Website nutzen, die IP-Adresse, Zugriffsdaten und -zeiten, Informationen \u00fcber Hardware und Software, Ger\u00e4teinformationen und \u00e4hnliche Informationen. \u00dcbersetzt mit www.DeepL.com\/Translator (kostenlose Version) Wir bearbeiten diese Daten auf der Grundlage, dass sie f\u00fcr den Betrieb, die Wartung und die Verbesserung unserer Website erforderlich sind.<\/p>\n<p>Sie k\u00f6nnen die Verwendung von Cookies ablehnen, indem Sie die entsprechenden Einstellungen in Ihrem Browser w\u00e4hlen.<\/p>\n<p><strong>Weitere Informationen zur Verarbeitung und Erhebung von Daten.<\/strong><br \/>Ihre personenbezogenen Daten k\u00f6nnen von uns zu rechtlichen Zwecken vor Gericht oder in den Schritten verwendet werden, die zu einer Klage f\u00fchren k\u00f6nnen, die sich aus einer unangemessenen Nutzung der Website assetrust.ch ergeben.<br \/>Der Nutzer ist sich der Tatsache bewusst, dass der Eigent\u00fcmer pers\u00f6nliche Daten auf Anfrage von \u00f6ffentlichen Beh\u00f6rden offenlegen muss.<\/p>\n<p><strong>Informationen \u00fcber das Recht auf Widerspruch gegen die Verarbeitung<\/strong><br \/>Wenn personenbezogene Daten im \u00f6ffentlichen Interesse, in Aus\u00fcbung einer dem Eigent\u00fcmer \u00fcbertragenen amtlichen Befugnis oder f\u00fcr die Zwecke der von ihm verfolgten legitimen Interessen verarbeitet werden, k\u00f6nnen Sie gegen diese Verarbeitung Widerspruch einlegen, indem Sie einen Grund angeben, der sich auf Ihre besondere Situation bezieht, die den Widerspruch rechtfertigen soll.<\/p>\n<p><strong>L\u00e4nder, in die wir Ihre pers\u00f6nlichen Daten \u00fcbermitteln<\/strong><br \/>Wir k\u00f6nnen Ihre personenbezogenen Daten an Empf\u00e4nger im Ausland \u00fcbermitteln, einschlie\u00dflich in L\u00e4nder, die nicht das gleiche Schutzniveau wie das Schweizer Recht bieten. Wir tun dies in der Regel auf der Grundlage, dass eine solche \u00dcbermittlung f\u00fcr die Erf\u00fcllung eines Vertrags mit der\/den betroffenen Person(en), f\u00fcr einen Vertrag oder die Erf\u00fcllung eines Vertrags, der im Interesse der betroffenen Person geschlossen wurde, oder f\u00fcr die Begr\u00fcndung, Aus\u00fcbung oder Verteidigung eines Rechtsanspruchs vor Gericht erforderlich ist.<\/p>\n<p><strong>Wie Sie Ihre Rechte aus\u00fcben k\u00f6nnen<\/strong><br \/>Sie haben das Recht, Einzelheiten \u00fcber die personenbezogenen Daten, die wir \u00fcber Sie speichern, und \u00fcber die Art und Weise, wie wir sie verarbeiten, zu verlangen und eine Kopie Ihrer personenbezogenen Daten zu erhalten. Sie k\u00f6nnen Ihre Daten auch berichtigen oder l\u00f6schen lassen, die Verarbeitung dieser Informationen einschr\u00e4nken und sich der Verarbeitung Ihrer personenbezogenen Daten widersetzen. Sie k\u00f6nnen sich auch daf\u00fcr entscheiden, Ihre Zustimmung zu widerrufen. Bitte beachten Sie, dass wir auch nach Ihrer Entscheidung, Ihre Einwilligung zu widerrufen, in der Lage sein k\u00f6nnen, Ihre personenbezogenen Daten weiterhin zu verarbeiten, soweit dies erforderlich oder gesetzlich zul\u00e4ssig ist. Sie k\u00f6nnen auch eine Beschwerde \u00fcber die Verarbeitung Ihrer personenbezogenen Daten bei einer lokalen Aufsichtsbeh\u00f6rde einreichen, in der Schweiz beim Eidgen\u00f6ssischen Datenschutz- und \u00d6ffentlichkeitsbeauftragten.<\/p>\n<p><strong>\u00c4nderungen an dieser Datenschutzrichtlinie<\/strong><br \/>Wir behalten uns das Recht vor, jederzeit \u00c4nderungen an dieser Datenschutzrichtlinie vorzunehmen, indem wir Sie auf dieser Seite und eventuell auf lpdsuisse.ch informieren oder &#8211; soweit dies technisch und rechtlich m\u00f6glich ist &#8211; indem wir Ihnen eine Mitteilung \u00fcber die uns zur Verf\u00fcgung stehenden Kontaktdaten zukommen lassen. Es wird dringend empfohlen, diese Seite h\u00e4ufig aufzurufen und sich dabei an dem unten angegebenen Datum der letzten \u00c4nderung zu orientieren.<\/p>\n<p><em>Letzte Aktualisierung: 21. September 2023<\/em><\/p>\n<p>[\/et_pb_text][\/et_pb_column][\/et_pb_row][\/et_pb_section]<\/p>\n","protected":false},"excerpt":{"rendered":"<p>Datenschutzrichtlinie f\u00fcr die Website assetrust.ch Diese Website sammelt bestimmte pers\u00f6nliche Daten ihrer Nutzer. Dieses Dokument kann zu Konsultationszwecken ausgedruckt werden, indem der Druckbefehl in den Einstellungen eines jeden Browsers verwendet wird. Eigent\u00fcmer und Verantwortlicher f\u00fcr die VerarbeitungDer Verantwortliche f\u00fcr die Verarbeitung Ihrer pers\u00f6nlichen Daten f\u00fcr die Website assetrust.ch ist.Assetrust SAQuai de l&#8217;Ile, 151204 Genf Kontakt-E-Mail [&hellip;]<\/p>\n","protected":false},"author":1,"featured_media":0,"parent":0,"menu_order":0,"comment_status":"closed","ping_status":"closed","template":"","meta":{"_et_pb_use_builder":"on","_et_pb_old_content":"","_et_gb_content_width":"","footnotes":""},"class_list":["post-29672","page","type-page","status-publish","hentry"],"yoast_head":"<!-- This site is optimized with the Yoast SEO plugin v27.5 - https:\/\/yoast.com\/product\/yoast-seo-wordpress\/ -->\n<title>Datenschutzrichtlinie - assetrust<\/title>\n<meta name=\"robots\" content=\"index, follow, max-snippet:-1, max-image-preview:large, max-video-preview:-1\" \/>\n<link rel=\"canonical\" href=\"https:\/\/assetrust.ch\/de\/datenschutzrichtlinie\/\" \/>\n<meta property=\"og:locale\" content=\"de_DE\" \/>\n<meta property=\"og:type\" content=\"article\" \/>\n<meta property=\"og:title\" content=\"Datenschutzrichtlinie - assetrust\" \/>\n<meta property=\"og:description\" content=\"Datenschutzrichtlinie f\u00fcr die Website assetrust.ch Diese Website sammelt bestimmte pers\u00f6nliche Daten ihrer Nutzer. Dieses Dokument kann zu Konsultationszwecken ausgedruckt werden, indem der Druckbefehl in den Einstellungen eines jeden Browsers verwendet wird. Eigent\u00fcmer und Verantwortlicher f\u00fcr die VerarbeitungDer Verantwortliche f\u00fcr die Verarbeitung Ihrer pers\u00f6nlichen Daten f\u00fcr die Website assetrust.ch ist.Assetrust SAQuai de l&#039;Ile, 151204 Genf Kontakt-E-Mail [&hellip;]\" \/>\n<meta property=\"og:url\" content=\"https:\/\/assetrust.ch\/de\/datenschutzrichtlinie\/\" \/>\n<meta property=\"og:site_name\" content=\"assetrust\" \/>\n<meta property=\"article:modified_time\" content=\"2023-09-21T07:49:45+00:00\" \/>\n<meta name=\"twitter:card\" content=\"summary_large_image\" \/>\n<meta name=\"twitter:label1\" content=\"Gesch\u00e4tzte Lesezeit\" \/>\n\t<meta name=\"twitter:data1\" content=\"5\u00a0Minuten\" \/>\n<script type=\"application\/ld+json\" class=\"yoast-schema-graph\">{\"@context\":\"https:\\\/\\\/schema.org\",\"@graph\":[{\"@type\":\"WebPage\",\"@id\":\"https:\\\/\\\/assetrust.ch\\\/de\\\/datenschutzrichtlinie\\\/\",\"url\":\"https:\\\/\\\/assetrust.ch\\\/de\\\/datenschutzrichtlinie\\\/\",\"name\":\"Datenschutzrichtlinie - assetrust\",\"isPartOf\":{\"@id\":\"https:\\\/\\\/assetrust.ch\\\/#website\"},\"datePublished\":\"2023-09-21T07:35:17+00:00\",\"dateModified\":\"2023-09-21T07:49:45+00:00\",\"breadcrumb\":{\"@id\":\"https:\\\/\\\/assetrust.ch\\\/de\\\/datenschutzrichtlinie\\\/#breadcrumb\"},\"inLanguage\":\"de\",\"potentialAction\":[{\"@type\":\"ReadAction\",\"target\":[\"https:\\\/\\\/assetrust.ch\\\/de\\\/datenschutzrichtlinie\\\/\"]}]},{\"@type\":\"BreadcrumbList\",\"@id\":\"https:\\\/\\\/assetrust.ch\\\/de\\\/datenschutzrichtlinie\\\/#breadcrumb\",\"itemListElement\":[{\"@type\":\"ListItem\",\"position\":1,\"name\":\"Accueil\",\"item\":\"https:\\\/\\\/assetrust.ch\\\/\"},{\"@type\":\"ListItem\",\"position\":2,\"name\":\"Datenschutzrichtlinie\"}]},{\"@type\":\"WebSite\",\"@id\":\"https:\\\/\\\/assetrust.ch\\\/#website\",\"url\":\"https:\\\/\\\/assetrust.ch\\\/\",\"name\":\"assetrust\",\"description\":\"Votre partenaire financier de confiance\",\"publisher\":{\"@id\":\"https:\\\/\\\/assetrust.ch\\\/#organization\"},\"potentialAction\":[{\"@type\":\"SearchAction\",\"target\":{\"@type\":\"EntryPoint\",\"urlTemplate\":\"https:\\\/\\\/assetrust.ch\\\/?s={search_term_string}\"},\"query-input\":{\"@type\":\"PropertyValueSpecification\",\"valueRequired\":true,\"valueName\":\"search_term_string\"}}],\"inLanguage\":\"de\"},{\"@type\":\"Organization\",\"@id\":\"https:\\\/\\\/assetrust.ch\\\/#organization\",\"name\":\"Assetrust SA\",\"url\":\"https:\\\/\\\/assetrust.ch\\\/\",\"logo\":{\"@type\":\"ImageObject\",\"inLanguage\":\"de\",\"@id\":\"https:\\\/\\\/assetrust.ch\\\/#\\\/schema\\\/logo\\\/image\\\/\",\"url\":\"https:\\\/\\\/assetrust.ch\\\/wp-content\\\/uploads\\\/2022\\\/03\\\/logo-Assetrust-bleu-transparent-01-1.png\",\"contentUrl\":\"https:\\\/\\\/assetrust.ch\\\/wp-content\\\/uploads\\\/2022\\\/03\\\/logo-Assetrust-bleu-transparent-01-1.png\",\"width\":253,\"height\":221,\"caption\":\"Assetrust SA\"},\"image\":{\"@id\":\"https:\\\/\\\/assetrust.ch\\\/#\\\/schema\\\/logo\\\/image\\\/\"},\"sameAs\":[\"https:\\\/\\\/www.linkedin.com\\\/company\\\/assetrust\\\/\"]}]}<\/script>\n<!-- \/ Yoast SEO plugin. -->","yoast_head_json":{"title":"Datenschutzrichtlinie - assetrust","robots":{"index":"index","follow":"follow","max-snippet":"max-snippet:-1","max-image-preview":"max-image-preview:large","max-video-preview":"max-video-preview:-1"},"canonical":"https:\/\/assetrust.ch\/de\/datenschutzrichtlinie\/","og_locale":"de_DE","og_type":"article","og_title":"Datenschutzrichtlinie - assetrust","og_description":"Datenschutzrichtlinie f\u00fcr die Website assetrust.ch Diese Website sammelt bestimmte pers\u00f6nliche Daten ihrer Nutzer. Dieses Dokument kann zu Konsultationszwecken ausgedruckt werden, indem der Druckbefehl in den Einstellungen eines jeden Browsers verwendet wird. Eigent\u00fcmer und Verantwortlicher f\u00fcr die VerarbeitungDer Verantwortliche f\u00fcr die Verarbeitung Ihrer pers\u00f6nlichen Daten f\u00fcr die Website assetrust.ch ist.Assetrust SAQuai de l'Ile, 151204 Genf Kontakt-E-Mail [&hellip;]","og_url":"https:\/\/assetrust.ch\/de\/datenschutzrichtlinie\/","og_site_name":"assetrust","article_modified_time":"2023-09-21T07:49:45+00:00","twitter_card":"summary_large_image","twitter_misc":{"Gesch\u00e4tzte Lesezeit":"5\u00a0Minuten"},"schema":{"@context":"https:\/\/schema.org","@graph":[{"@type":"WebPage","@id":"https:\/\/assetrust.ch\/de\/datenschutzrichtlinie\/","url":"https:\/\/assetrust.ch\/de\/datenschutzrichtlinie\/","name":"Datenschutzrichtlinie - assetrust","isPartOf":{"@id":"https:\/\/assetrust.ch\/#website"},"datePublished":"2023-09-21T07:35:17+00:00","dateModified":"2023-09-21T07:49:45+00:00","breadcrumb":{"@id":"https:\/\/assetrust.ch\/de\/datenschutzrichtlinie\/#breadcrumb"},"inLanguage":"de","potentialAction":[{"@type":"ReadAction","target":["https:\/\/assetrust.ch\/de\/datenschutzrichtlinie\/"]}]},{"@type":"BreadcrumbList","@id":"https:\/\/assetrust.ch\/de\/datenschutzrichtlinie\/#breadcrumb","itemListElement":[{"@type":"ListItem","position":1,"name":"Accueil","item":"https:\/\/assetrust.ch\/"},{"@type":"ListItem","position":2,"name":"Datenschutzrichtlinie"}]},{"@type":"WebSite","@id":"https:\/\/assetrust.ch\/#website","url":"https:\/\/assetrust.ch\/","name":"assetrust","description":"Votre partenaire financier de confiance","publisher":{"@id":"https:\/\/assetrust.ch\/#organization"},"potentialAction":[{"@type":"SearchAction","target":{"@type":"EntryPoint","urlTemplate":"https:\/\/assetrust.ch\/?s={search_term_string}"},"query-input":{"@type":"PropertyValueSpecification","valueRequired":true,"valueName":"search_term_string"}}],"inLanguage":"de"},{"@type":"Organization","@id":"https:\/\/assetrust.ch\/#organization","name":"Assetrust SA","url":"https:\/\/assetrust.ch\/","logo":{"@type":"ImageObject","inLanguage":"de","@id":"https:\/\/assetrust.ch\/#\/schema\/logo\/image\/","url":"https:\/\/assetrust.ch\/wp-content\/uploads\/2022\/03\/logo-Assetrust-bleu-transparent-01-1.png","contentUrl":"https:\/\/assetrust.ch\/wp-content\/uploads\/2022\/03\/logo-Assetrust-bleu-transparent-01-1.png","width":253,"height":221,"caption":"Assetrust SA"},"image":{"@id":"https:\/\/assetrust.ch\/#\/schema\/logo\/image\/"},"sameAs":["https:\/\/www.linkedin.com\/company\/assetrust\/"]}]}},"_links":{"self":[{"href":"https:\/\/assetrust.ch\/de\/wp-json\/wp\/v2\/pages\/29672","targetHints":{"allow":["GET"]}}],"collection":[{"href":"https:\/\/assetrust.ch\/de\/wp-json\/wp\/v2\/pages"}],"about":[{"href":"https:\/\/assetrust.ch\/de\/wp-json\/wp\/v2\/types\/page"}],"author":[{"embeddable":true,"href":"https:\/\/assetrust.ch\/de\/wp-json\/wp\/v2\/users\/1"}],"replies":[{"embeddable":true,"href":"https:\/\/assetrust.ch\/de\/wp-json\/wp\/v2\/comments?post=29672"}],"version-history":[{"count":2,"href":"https:\/\/assetrust.ch\/de\/wp-json\/wp\/v2\/pages\/29672\/revisions"}],"predecessor-version":[{"id":29674,"href":"https:\/\/assetrust.ch\/de\/wp-json\/wp\/v2\/pages\/29672\/revisions\/29674"}],"wp:attachment":[{"href":"https:\/\/assetrust.ch\/de\/wp-json\/wp\/v2\/media?parent=29672"}],"curies":[{"name":"wp","href":"https:\/\/api.w.org\/{rel}","templated":true}]}}