{"id":29307,"date":"2022-04-19T14:22:24","date_gmt":"2022-04-19T12:22:24","guid":{"rendered":"https:\/\/assetrust.ch\/the-team\/"},"modified":"2026-05-07T15:31:04","modified_gmt":"2026-05-07T13:31:04","slug":"the-team","status":"publish","type":"page","link":"https:\/\/assetrust.ch\/en\/the-team\/","title":{"rendered":"The Team"},"content":{"rendered":"<p>[et_pb_section fb_built=&#8221;1&#8243; specialty=&#8221;on&#8221; admin_label=&#8221;section&#8221; _builder_version=&#8221;4.16&#8243; custom_margin=&#8221;||180px||false|false&#8221; custom_padding=&#8221;30px|0px|0px|0px&#8221; transparent_background=&#8221;off&#8221; make_fullwidth=&#8221;off&#8221; use_custom_width=&#8221;off&#8221; width_unit=&#8221;off&#8221; custom_width_px=&#8221;1080px&#8221; custom_width_percent=&#8221;80%&#8221; global_colors_info=&#8221;{}&#8221;][et_pb_column type=&#8221;1_2&#8243; specialty_columns=&#8221;2&#8243; _builder_version=&#8221;4.16&#8243; custom_padding=&#8221;|||&#8221; global_colors_info=&#8221;{}&#8221; custom_padding__hover=&#8221;|||&#8221;][et_pb_row_inner admin_label=&#8221;row_inner&#8221; _builder_version=&#8221;4.16&#8243; global_colors_info=&#8221;{}&#8221;][et_pb_column_inner saved_specialty_column_type=&#8221;1_2&#8243; _builder_version=&#8221;4.16&#8243; custom_padding=&#8221;|||&#8221; global_colors_info=&#8221;{}&#8221; custom_padding__hover=&#8221;|||&#8221;][et_pb_text admin_label=&#8221;Text&#8221; _builder_version=&#8221;4.27.4&#8243; text_line_height=&#8221;1.5em&#8221; background_size=&#8221;initial&#8221; background_position=&#8221;top_left&#8221; background_repeat=&#8221;repeat&#8221; hover_enabled=&#8221;0&#8243; use_border_color=&#8221;off&#8221; border_style=&#8221;solid&#8221; global_colors_info=&#8221;{}&#8221; sticky_enabled=&#8221;0&#8243;]<\/p>\n<h1>QUI SOMMES-NOUS ?<\/h1>\n<p>&nbsp;<\/p>\n<h2>Direction<\/h2>\n<p><strong>Ralph M\u00fcller, CEO &amp; Founder<\/strong><\/p>\n<p>Ralph M\u00fcller, est CEO et fondateur d&#8217;Assetrust SA. Il a travaill\u00e9 pr\u00e8s de 30 ans dans le domaine bancaire en Suisse. Avant de cr\u00e9er Assetrust SA, il a effectu\u00e9 toute sa carri\u00e8re aupr\u00e8s d&#8217;\u00e9tablissements bancaires g\u00e9n\u00e9ralistes et en banque priv\u00e9e.<\/p>\n<p>M. M\u00fcller a toujours occup\u00e9 la fonction de conseiller en placement et en pr\u00e9voyance. Il \u00e9tait en charge de relation client\u00e8le individuelle et priv\u00e9e.<br \/>Il a aussi g\u00e9r\u00e9 un &#8220;family office&#8221; avec toute la gestion, l&#8217;administration et le suivi n\u00e9cessaire. Ralph M\u00fcller a \u00e9tudi\u00e9 en Suisse, o\u00f9 il a obtenu son Master of Advanced Studies (MAS) HES en Banque &amp; Finance.<\/p>\n<p>Il est particuli\u00e8rement motiv\u00e9 par proposer des services et des produits<br \/><strong>5 <\/strong>\u2605\u2605\u2605\u2605\u2605 quelle que soit la situation financi\u00e8re de ses client(e)s.<\/p>\n<p>[\/et_pb_text][\/et_pb_column_inner][\/et_pb_row_inner][\/et_pb_column][et_pb_column type=&#8221;1_2&#8243; _builder_version=&#8221;4.16&#8243; custom_padding=&#8221;|||&#8221; global_colors_info=&#8221;{}&#8221; custom_padding__hover=&#8221;|||&#8221;][et_pb_image src=&#8221;https:\/\/assetrust.ch\/wp-content\/uploads\/2022\/05\/ralph-muller-ceo-assetrust-sa.jpg&#8221; alt=&#8221;Ralph M\u00fcller &#8211; CEO assetrust SA&#8221; title_text=&#8221;Ralph M\u00fcller &#8211; CEO assetrust SA&#8221; align=&#8221;center&#8221; _builder_version=&#8221;4.16&#8243; _module_preset=&#8221;default&#8221; width=&#8221;30%&#8221; global_colors_info=&#8221;{}&#8221;][\/et_pb_image][\/et_pb_column][\/et_pb_section][et_pb_section fb_built=&#8221;1&#8243; admin_label=&#8221;Footer&#8221; _builder_version=&#8221;4.16&#8243; background_color=&#8221;gcid-d8cface4-7dd7-4f64-9ec1-1e3328f7a336&#8243; use_background_color_gradient=&#8221;on&#8221; background_color_gradient_stops=&#8221;rgba(234,234,234,0.94) 0%|rgba(255,255,255,0.79) 100%&#8221; background_color_gradient_overlays_image=&#8221;on&#8221; background_color_gradient_start=&#8221;rgba(234,234,234,0.94)&#8221; background_color_gradient_end=&#8221;rgba(255,255,255,0.79)&#8221; background_image=&#8221;https:\/\/assetrust.ch\/wp-content\/uploads\/2022\/03\/financial-advisor-41.jpg&#8221; background_color_gradient_stops_tablet=&#8221;rgba(234,234,234,0.94) 0%|rgba(255,255,255,0.79) 100%&#8221; background_color_gradient_stops_phone=&#8221;rgba(234,234,234,0.94) 0%|rgba(255,255,255,0.79) 100%&#8221; global_module=&#8221;28984&#8243; saved_tabs=&#8221;all&#8221; locked=&#8221;off&#8221; global_colors_info=&#8221;{%22gcid-d8cface4-7dd7-4f64-9ec1-1e3328f7a336%22:%91%22background_color%22%93}&#8221;][et_pb_row column_structure=&#8221;1_2,1_4,1_4&#8243; _builder_version=&#8221;4.16&#8243; locked=&#8221;off&#8221; global_colors_info=&#8221;{}&#8221;][et_pb_column type=&#8221;1_2&#8243; _builder_version=&#8221;4.16&#8243; global_colors_info=&#8221;{}&#8221;][et_pb_image src=&#8221;https:\/\/assetrust.ch\/wp-content\/uploads\/2022\/04\/logo-assetrust-vectoriel.png&#8221; alt=&#8221;assettrust logo&#8221; title_text=&#8221;assettrust logo&#8221; _builder_version=&#8221;4.16&#8243; global_colors_info=&#8221;{}&#8221;][\/et_pb_image][\/et_pb_column][et_pb_column type=&#8221;1_4&#8243; _builder_version=&#8221;4.16&#8243; global_colors_info=&#8221;{}&#8221;][et_pb_text _builder_version=&#8221;4.16&#8243; text_font=&#8221;Futura book regular|600|||||||&#8221; text_font_size=&#8221;18px&#8221; text_letter_spacing=&#8221;1px&#8221; text_line_height=&#8221;1.4em&#8221; header_4_font=&#8221;Darker Grotesque|900|||||||&#8221; header_4_font_size=&#8221;22px&#8221; header_4_line_height=&#8221;1.4em&#8221; global_colors_info=&#8221;{}&#8221;]<\/p>\n<h4>Address<\/h4>\n<p>Quai de l&#8217;Ile, 15<br \/>1204 Geneva<\/p>\n<p>[\/et_pb_text][et_pb_text _builder_version=&#8221;4.16&#8243; text_font=&#8221;Futura book regular|600|||||||&#8221; text_font_size=&#8221;18px&#8221; text_line_height=&#8221;1.4em&#8221; header_4_font=&#8221;Darker Grotesque|900|||||||&#8221; header_4_font_size=&#8221;22px&#8221; header_4_line_height=&#8221;1.4em&#8221; global_colors_info=&#8221;{}&#8221;]<\/p>\n<h4>E-mail<\/h4>\n<p><a href=\"mailto:contact@assetrust.ch\">contact@assetrust.ch<\/a><\/p>\n<p>[\/et_pb_text][et_pb_text _builder_version=&#8221;4.16&#8243; text_font=&#8221;Futura book regular|600|||||||&#8221; text_font_size=&#8221;18px&#8221; text_line_height=&#8221;1.4em&#8221; header_4_font=&#8221;Darker Grotesque|900|||||||&#8221; header_4_font_size=&#8221;22px&#8221; header_4_line_height=&#8221;1.4em&#8221; global_colors_info=&#8221;{}&#8221;]<\/p>\n<h4>Phone<\/h4>\n<p><a href=\"tel:0041228002810\">+41 (0)22 800 28 10<\/a>[\/et_pb_text][et_pb_social_media_follow _builder_version=&#8221;4.16&#8243; _module_preset=&#8221;default&#8221; global_colors_info=&#8221;{}&#8221;][et_pb_social_media_follow_network social_network=&#8221;linkedin&#8221; url=&#8221;https:\/\/www.linkedin.com\/company\/assetrust\/&#8221; _builder_version=&#8221;4.16&#8243; _module_preset=&#8221;default&#8221; background_color=&#8221;#007bb6&#8243; global_colors_info=&#8221;{}&#8221; follow_button=&#8221;off&#8221; url_new_window=&#8221;on&#8221;]linkedin[\/et_pb_social_media_follow_network][\/et_pb_social_media_follow][\/et_pb_column][et_pb_column type=&#8221;1_4&#8243; _builder_version=&#8221;4.16&#8243; global_colors_info=&#8221;{}&#8221;][et_pb_image src=&#8221;https:\/\/assetrust.ch\/wp-content\/uploads\/2022\/04\/logo-arif-association-romande-des-intermediaires-financiers.png&#8221; alt=&#8221;logo arif &#8211; french association of financial intermediaries&#8221; title_text=&#8221;logo arif &#8211; french association of financial intermediaries&#8221; url=&#8221;https:\/\/arif.ch\/&#8221; _builder_version=&#8221;4.16&#8243; _module_preset=&#8221;default&#8221; width=&#8221;39%&#8221; max_width=&#8221;29%&#8221; global_colors_info=&#8221;{}&#8221;][\/et_pb_image][et_pb_text _builder_version=&#8221;4.16&#8243; _module_preset=&#8221;default&#8221; text_font=&#8221;Futura book regular||||||||&#8221; global_colors_info=&#8221;{}&#8221;]<\/p>\n<p>Assetrust SA est membre de l\u2019<a href=\"https:\/\/arif.ch\/\" target=\"_blank\" rel=\"noopener\">ARIF<\/a> en tant qu\u2019interm\u00e9diaire financier.<\/p>\n<p>[\/et_pb_text][et_pb_button button_url=&#8221;@ET-DC@eyJkeW5hbWljIjp0cnVlLCJjb250ZW50IjoicG9zdF9saW5rX3VybF9wYWdlIiwic2V0dGluZ3MiOnsicG9zdF9pZCI6IjI5MDc2IiwiZW5hYmxlX2h0bWwiOiJvZmYifX0=@&#8221; button_text=&#8221;Disclaimer&#8221; button_alignment=&#8221;center&#8221; _builder_version=&#8221;4.16&#8243; _dynamic_attributes=&#8221;button_url&#8221; custom_button=&#8221;on&#8221; button_text_size=&#8221;11px&#8221; button_text_color=&#8221;#ffffff&#8221; button_bg_color=&#8221;#01b4db&#8221; button_border_width=&#8221;2px&#8221; button_border_color=&#8221;rgba(0,0,0,0)&#8221; button_border_radius=&#8221;8px&#8221; button_letter_spacing=&#8221;2px&#8221; button_font=&#8221;Futura book regular|900||on|||||&#8221; button_use_icon=&#8221;off&#8221; custom_margin=&#8221;||||false|false&#8221; custom_padding=&#8221;4px|70px|4px|70px|true|true&#8221; button_text_size_tablet=&#8221;20px&#8221; button_text_size_phone=&#8221;16px&#8221; button_text_size_last_edited=&#8221;on|phone&#8221; locked=&#8221;off&#8221; global_colors_info=&#8221;{}&#8221;][\/et_pb_button][et_pb_button button_url=&#8221;https:\/\/assetrust.ch\/wp-content\/uploads\/2022\/04\/FIB-FR.pdf&#8221; button_text=&#8221;FIB&#8221; button_alignment=&#8221;center&#8221; _builder_version=&#8221;4.16&#8243; custom_button=&#8221;on&#8221; button_text_size=&#8221;11px&#8221; button_text_color=&#8221;#ffffff&#8221; button_bg_color=&#8221;#01b4db&#8221; button_border_width=&#8221;2px&#8221; button_border_color=&#8221;rgba(0,0,0,0)&#8221; button_border_radius=&#8221;8px&#8221; button_letter_spacing=&#8221;2px&#8221; button_font=&#8221;Futura book regular|900||on|||||&#8221; button_icon=&#8221;&#xf019;||fa||900&#8243; button_icon_placement=&#8221;left&#8221; button_on_hover=&#8221;off&#8221; custom_margin=&#8221;||||false|false&#8221; custom_padding=&#8221;4px|98px|4px|98px|true|true&#8221; button_text_size_tablet=&#8221;20px&#8221; button_text_size_phone=&#8221;16px&#8221; button_text_size_last_edited=&#8221;on|phone&#8221; locked=&#8221;off&#8221; global_colors_info=&#8221;{}&#8221;][\/et_pb_button][et_pb_text _builder_version=&#8221;4.18.1&#8243; _module_preset=&#8221;default&#8221; text_text_color=&#8221;#FFFFFF&#8221; link_font=&#8221;Futura book regular||||||||&#8221; link_text_color=&#8221;#FFFFFF&#8221; background_color=&#8221;#05b4db&#8221; custom_padding=&#8221;4px||4px||true|false&#8221; border_radii=&#8221;on|7px|7px|7px|7px&#8221; global_colors_info=&#8221;{}&#8221;]<\/p>\n<p style=\"text-align: center\"><a href=\"https:\/\/assetrust.ch\/politique-de-confidentialite\/\">Politique de confidentialit\u00e9<\/a><\/p>\n<p>[\/et_pb_text][\/et_pb_column][\/et_pb_row][\/et_pb_section]<\/p>\n","protected":false},"excerpt":{"rendered":"<p>QUI SOMMES-NOUS ? &nbsp; Direction Ralph M\u00fcller, CEO &amp; Founder Ralph M\u00fcller, est CEO et fondateur d&#8217;Assetrust SA. Il a travaill\u00e9 pr\u00e8s de 30 ans dans le domaine bancaire en Suisse. Avant de cr\u00e9er Assetrust SA, il a effectu\u00e9 toute sa carri\u00e8re aupr\u00e8s d&#8217;\u00e9tablissements bancaires g\u00e9n\u00e9ralistes et en banque priv\u00e9e. M. M\u00fcller a toujours occup\u00e9 [&hellip;]<\/p>\n","protected":false},"author":1,"featured_media":0,"parent":0,"menu_order":0,"comment_status":"closed","ping_status":"closed","template":"","meta":{"_et_pb_use_builder":"on","_et_pb_old_content":"","_et_gb_content_width":"","footnotes":""},"class_list":["post-29307","page","type-page","status-publish","hentry"],"yoast_head":"<!-- This site is optimized with the Yoast SEO plugin v27.6 - https:\/\/yoast.com\/product\/yoast-seo-wordpress\/ -->\n<title>The Team - assetrust<\/title>\n<meta name=\"robots\" content=\"index, follow, max-snippet:-1, max-image-preview:large, max-video-preview:-1\" \/>\n<link rel=\"canonical\" href=\"https:\/\/assetrust.ch\/l-equipe\/\" \/>\n<meta property=\"og:locale\" content=\"en_US\" \/>\n<meta property=\"og:type\" content=\"article\" \/>\n<meta property=\"og:title\" content=\"The Team - assetrust\" \/>\n<meta property=\"og:description\" content=\"QUI SOMMES-NOUS ? &nbsp; Direction Ralph M\u00fcller, CEO &amp; Founder Ralph M\u00fcller, est CEO et fondateur d&#039;Assetrust SA. Il a travaill\u00e9 pr\u00e8s de 30 ans dans le domaine bancaire en Suisse. Avant de cr\u00e9er Assetrust SA, il a effectu\u00e9 toute sa carri\u00e8re aupr\u00e8s d&#039;\u00e9tablissements bancaires g\u00e9n\u00e9ralistes et en banque priv\u00e9e. M. M\u00fcller a toujours occup\u00e9 [&hellip;]\" \/>\n<meta property=\"og:url\" content=\"https:\/\/assetrust.ch\/l-equipe\/\" \/>\n<meta property=\"og:site_name\" content=\"assetrust\" \/>\n<meta property=\"article:modified_time\" content=\"2026-05-07T13:31:04+00:00\" \/>\n<meta name=\"twitter:card\" content=\"summary_large_image\" \/>\n<meta name=\"twitter:label1\" content=\"Est. reading time\" \/>\n\t<meta name=\"twitter:data1\" content=\"5 minutes\" \/>\n<script type=\"application\/ld+json\" class=\"yoast-schema-graph\">{\"@context\":\"https:\\\/\\\/schema.org\",\"@graph\":[{\"@type\":\"WebPage\",\"@id\":\"https:\\\/\\\/assetrust.ch\\\/l-equipe\\\/\",\"url\":\"https:\\\/\\\/assetrust.ch\\\/l-equipe\\\/\",\"name\":\"The Team - assetrust\",\"isPartOf\":{\"@id\":\"https:\\\/\\\/assetrust.ch\\\/#website\"},\"datePublished\":\"2022-04-19T12:22:24+00:00\",\"dateModified\":\"2026-05-07T13:31:04+00:00\",\"breadcrumb\":{\"@id\":\"https:\\\/\\\/assetrust.ch\\\/l-equipe\\\/#breadcrumb\"},\"inLanguage\":\"en-US\",\"potentialAction\":[{\"@type\":\"ReadAction\",\"target\":[\"https:\\\/\\\/assetrust.ch\\\/l-equipe\\\/\"]}]},{\"@type\":\"BreadcrumbList\",\"@id\":\"https:\\\/\\\/assetrust.ch\\\/l-equipe\\\/#breadcrumb\",\"itemListElement\":[{\"@type\":\"ListItem\",\"position\":1,\"name\":\"Accueil\",\"item\":\"https:\\\/\\\/assetrust.ch\\\/\"},{\"@type\":\"ListItem\",\"position\":2,\"name\":\"The Team\"}]},{\"@type\":\"WebSite\",\"@id\":\"https:\\\/\\\/assetrust.ch\\\/#website\",\"url\":\"https:\\\/\\\/assetrust.ch\\\/\",\"name\":\"assetrust\",\"description\":\"Votre partenaire financier de confiance\",\"publisher\":{\"@id\":\"https:\\\/\\\/assetrust.ch\\\/#organization\"},\"potentialAction\":[{\"@type\":\"SearchAction\",\"target\":{\"@type\":\"EntryPoint\",\"urlTemplate\":\"https:\\\/\\\/assetrust.ch\\\/?s={search_term_string}\"},\"query-input\":{\"@type\":\"PropertyValueSpecification\",\"valueRequired\":true,\"valueName\":\"search_term_string\"}}],\"inLanguage\":\"en-US\"},{\"@type\":\"Organization\",\"@id\":\"https:\\\/\\\/assetrust.ch\\\/#organization\",\"name\":\"Assetrust SA\",\"url\":\"https:\\\/\\\/assetrust.ch\\\/\",\"logo\":{\"@type\":\"ImageObject\",\"inLanguage\":\"en-US\",\"@id\":\"https:\\\/\\\/assetrust.ch\\\/#\\\/schema\\\/logo\\\/image\\\/\",\"url\":\"https:\\\/\\\/assetrust.ch\\\/wp-content\\\/uploads\\\/2022\\\/03\\\/logo-Assetrust-bleu-transparent-01-1.png\",\"contentUrl\":\"https:\\\/\\\/assetrust.ch\\\/wp-content\\\/uploads\\\/2022\\\/03\\\/logo-Assetrust-bleu-transparent-01-1.png\",\"width\":253,\"height\":221,\"caption\":\"Assetrust SA\"},\"image\":{\"@id\":\"https:\\\/\\\/assetrust.ch\\\/#\\\/schema\\\/logo\\\/image\\\/\"},\"sameAs\":[\"https:\\\/\\\/www.linkedin.com\\\/company\\\/assetrust\\\/\"]}]}<\/script>\n<!-- \/ Yoast SEO plugin. -->","yoast_head_json":{"title":"The Team - assetrust","robots":{"index":"index","follow":"follow","max-snippet":"max-snippet:-1","max-image-preview":"max-image-preview:large","max-video-preview":"max-video-preview:-1"},"canonical":"https:\/\/assetrust.ch\/l-equipe\/","og_locale":"en_US","og_type":"article","og_title":"The Team - assetrust","og_description":"QUI SOMMES-NOUS ? &nbsp; Direction Ralph M\u00fcller, CEO &amp; Founder Ralph M\u00fcller, est CEO et fondateur d'Assetrust SA. Il a travaill\u00e9 pr\u00e8s de 30 ans dans le domaine bancaire en Suisse. Avant de cr\u00e9er Assetrust SA, il a effectu\u00e9 toute sa carri\u00e8re aupr\u00e8s d'\u00e9tablissements bancaires g\u00e9n\u00e9ralistes et en banque priv\u00e9e. M. M\u00fcller a toujours occup\u00e9 [&hellip;]","og_url":"https:\/\/assetrust.ch\/l-equipe\/","og_site_name":"assetrust","article_modified_time":"2026-05-07T13:31:04+00:00","twitter_card":"summary_large_image","twitter_misc":{"Est. reading time":"5 minutes"},"schema":{"@context":"https:\/\/schema.org","@graph":[{"@type":"WebPage","@id":"https:\/\/assetrust.ch\/l-equipe\/","url":"https:\/\/assetrust.ch\/l-equipe\/","name":"The Team - assetrust","isPartOf":{"@id":"https:\/\/assetrust.ch\/#website"},"datePublished":"2022-04-19T12:22:24+00:00","dateModified":"2026-05-07T13:31:04+00:00","breadcrumb":{"@id":"https:\/\/assetrust.ch\/l-equipe\/#breadcrumb"},"inLanguage":"en-US","potentialAction":[{"@type":"ReadAction","target":["https:\/\/assetrust.ch\/l-equipe\/"]}]},{"@type":"BreadcrumbList","@id":"https:\/\/assetrust.ch\/l-equipe\/#breadcrumb","itemListElement":[{"@type":"ListItem","position":1,"name":"Accueil","item":"https:\/\/assetrust.ch\/"},{"@type":"ListItem","position":2,"name":"The Team"}]},{"@type":"WebSite","@id":"https:\/\/assetrust.ch\/#website","url":"https:\/\/assetrust.ch\/","name":"assetrust","description":"Votre partenaire financier de confiance","publisher":{"@id":"https:\/\/assetrust.ch\/#organization"},"potentialAction":[{"@type":"SearchAction","target":{"@type":"EntryPoint","urlTemplate":"https:\/\/assetrust.ch\/?s={search_term_string}"},"query-input":{"@type":"PropertyValueSpecification","valueRequired":true,"valueName":"search_term_string"}}],"inLanguage":"en-US"},{"@type":"Organization","@id":"https:\/\/assetrust.ch\/#organization","name":"Assetrust SA","url":"https:\/\/assetrust.ch\/","logo":{"@type":"ImageObject","inLanguage":"en-US","@id":"https:\/\/assetrust.ch\/#\/schema\/logo\/image\/","url":"https:\/\/assetrust.ch\/wp-content\/uploads\/2022\/03\/logo-Assetrust-bleu-transparent-01-1.png","contentUrl":"https:\/\/assetrust.ch\/wp-content\/uploads\/2022\/03\/logo-Assetrust-bleu-transparent-01-1.png","width":253,"height":221,"caption":"Assetrust SA"},"image":{"@id":"https:\/\/assetrust.ch\/#\/schema\/logo\/image\/"},"sameAs":["https:\/\/www.linkedin.com\/company\/assetrust\/"]}]}},"_links":{"self":[{"href":"https:\/\/assetrust.ch\/en\/wp-json\/wp\/v2\/pages\/29307","targetHints":{"allow":["GET"]}}],"collection":[{"href":"https:\/\/assetrust.ch\/en\/wp-json\/wp\/v2\/pages"}],"about":[{"href":"https:\/\/assetrust.ch\/en\/wp-json\/wp\/v2\/types\/page"}],"author":[{"embeddable":true,"href":"https:\/\/assetrust.ch\/en\/wp-json\/wp\/v2\/users\/1"}],"replies":[{"embeddable":true,"href":"https:\/\/assetrust.ch\/en\/wp-json\/wp\/v2\/comments?post=29307"}],"version-history":[{"count":47,"href":"https:\/\/assetrust.ch\/en\/wp-json\/wp\/v2\/pages\/29307\/revisions"}],"predecessor-version":[{"id":31433,"href":"https:\/\/assetrust.ch\/en\/wp-json\/wp\/v2\/pages\/29307\/revisions\/31433"}],"wp:attachment":[{"href":"https:\/\/assetrust.ch\/en\/wp-json\/wp\/v2\/media?parent=29307"}],"curies":[{"name":"wp","href":"https:\/\/api.w.org\/{rel}","templated":true}]}}